{"id":41,"date":"2024-09-12T16:55:15","date_gmt":"2024-09-12T14:55:15","guid":{"rendered":"https:\/\/www.petrabraun.life\/index.php\/colibri-wp\/"},"modified":"2024-09-14T13:39:12","modified_gmt":"2024-09-14T11:39:12","slug":"colibri-wp","status":"publish","type":"page","link":"https:\/\/www.petrabraun.life\/","title":{"rendered":"Home"},"content":{"rendered":"\t\t<div data-elementor-type=\"wp-page\" data-elementor-id=\"41\" class=\"elementor elementor-41\">\n\t\t\t\t<div class=\"elementor-element elementor-element-4a6687bd e-con-full e-flex wpr-particle-no wpr-jarallax-no wpr-parallax-no wpr-sticky-section-no e-con e-parent\" data-id=\"4a6687bd\" data-element_type=\"container\">\n\t\t\t\t<div class=\"elementor-element elementor-element-7208c3c7 elementor-widget elementor-widget-text-editor\" data-id=\"7208c3c7\" data-element_type=\"widget\" data-widget_type=\"text-editor.default\">\n\t\t\t\t<div class=\"elementor-widget-container\">\n\t\t\t\t\t\t\t<div data-colibri-id=\"41-c1\"><div data-colibri-component=\"section\" data-colibri-id=\"41-c2\"><div><div data-colibri-id=\"41-c3\"><div><div><div data-colibri-id=\"41-c4\"><div><div data-colibri-id=\"41-c5\"><!--Icon by Icons8 Line Awesome (https:\/\/icons8.com\/line-awesome)--><\/div><div data-colibri-id=\"41-c6\"><div><p><span style=\"font-size: 13.0pt; font-family: AppleSystemUIFont; mso-bidi-font-family: AppleSystemUIFont;\">\u201eES IST NIE ZU SP\u00c4T ANZUFANGEN,<br \/>ABER IMMER ZU FR\u00dcH AUFZUH\u00d6REN!\u201c<\/span><\/p><p><span style=\"font-size: 13.0pt; font-family: AppleSystemUIFont; mso-bidi-font-family: AppleSystemUIFont;\">Du bist auf der Suche nach\u2026 Ja nach was eigentlich? Du wei\u00dft es nicht wirklich, sp\u00fcrst aber, dass dir das Leben noch mehr zu bieten hat. Das da noch etwas ist, aber Du kommst noch nicht so richtig ran. <\/span><\/p><p><span style=\"font-size: 13.0pt; font-family: AppleSystemUIFont; mso-bidi-font-family: AppleSystemUIFont;\">\u00a0<\/span><span style=\"font-family: AppleSystemUIFont; font-size: 13pt; color: var( --e-global-color-text ); font-weight: var( --e-global-typography-text-font-weight ); text-align: var(--text-align);\">Als Mentorin stehe ich Dir zur Seite, um mehr Leichtigkeit und Freude in Dein Leben zu ziehen. M\u00f6chtest Du endlich die innere Handbremse finden und l\u00f6sen? Selbstbewusstsein gewinnen und Dein Selbstwert steigern?<\/span><\/p><p><span style=\"font-size: 13.0pt; font-family: AppleSystemUIFont; mso-bidi-font-family: AppleSystemUIFont;\">\u00a0<\/span><span style=\"font-family: AppleSystemUIFont; font-size: 13pt; color: var( --e-global-color-text ); font-weight: var( --e-global-typography-text-font-weight ); text-align: var(--text-align);\">Ich helfe Dir dabei Blockaden aufzul\u00f6sen, Glaubenss\u00e4tze zu transformieren, traumatische Erfahrungen und belastende Erinnerungen zu verarbeiten, energetische Konten platzen zu lassen, \u00c4ngste abzubauen, zwischenmenschliche Konflikte zu l\u00f6sen und endlich inneren Frieden zu finden.<\/span><\/p><p><span style=\"font-size: 13.0pt; font-family: AppleSystemUIFont; mso-bidi-font-family: AppleSystemUIFont;\">\u00a0<\/span><span style=\"font-family: AppleSystemUIFont; font-size: 13pt; color: var( --e-global-color-text ); font-weight: var( --e-global-typography-text-font-weight ); text-align: var(--text-align);\">Auch Dich mental zu st\u00e4rken, Lampenfieber zu reduzieren, Deine Vortr\u00e4ge und Events besonders zu machen geh\u00f6rt zu meinen F\u00e4higkeiten.<\/span><\/p><\/div><\/div><\/div><\/div><\/div><\/div><\/div><\/div><\/div><div data-colibri-component=\"section\" data-colibri-id=\"41-c68\"><div data-colibri-id=\"41-c69\"><div data-colibri-id=\"41-c96\"><div data-colibri-id=\"41-c97\"><div>\u00a0<\/div><\/div><\/div><\/div><\/div><div data-colibri-component=\"section\" data-colibri-id=\"41-c98\"><div><div data-colibri-id=\"41-c121\"><div><div><div data-colibri-id=\"41-c122\"><div><div data-colibri-id=\"41-c123\"><div><h2>\u00a0<\/h2><\/div><\/div><\/div><\/div><\/div><\/div><\/div><\/div><\/div><\/div>\t\t\t\t\t\t<\/div>\n\t\t\t\t<\/div>\n\t\t<div class=\"elementor-element elementor-element-381c580 e-con-full e-flex wpr-particle-no wpr-jarallax-no wpr-parallax-no wpr-sticky-section-no e-con e-child\" data-id=\"381c580\" data-element_type=\"container\" data-settings=\"{&quot;background_background&quot;:&quot;gradient&quot;}\">\n\t\t\t\t<div class=\"elementor-element elementor-element-3636cca elementor-widget elementor-widget-text-editor\" data-id=\"3636cca\" data-element_type=\"widget\" data-widget_type=\"text-editor.default\">\n\t\t\t\t<div class=\"elementor-widget-container\">\n\t\t\t\t\t\t\t<h1><strong>Testimonials<\/strong><\/h1><p style=\"text-align: left;\">&#8222;Ich bin sehr dankbar Petra kennengelernt zu haben. Durch Ihre ruhige und liebevolle Art habe ich mich direkt wohl und sicher gef\u00fchlt. In unseren Gespr\u00e4chen konnte Petra mir tolle Impulse geben, durch Welche ich mich nun mehr im Einklang f\u00fchle. Danke f\u00fcr Alles &#8211; Susanne&#8220;<\/p><p style=\"text-align: left;\"><strong style=\"font-size: 1rem;\"><img fetchpriority=\"high\" decoding=\"async\" class=\"alignnone wp-image-71\" src=\"https:\/\/www.petrabraun.life\/wp-content\/uploads\/2024\/09\/20240727_101634-169x300.jpg\" alt=\"\" width=\"169\" height=\"300\" srcset=\"https:\/\/www.petrabraun.life\/wp-content\/uploads\/2024\/09\/20240727_101634-169x300.jpg 169w, https:\/\/www.petrabraun.life\/wp-content\/uploads\/2024\/09\/20240727_101634-576x1024.jpg 576w, https:\/\/www.petrabraun.life\/wp-content\/uploads\/2024\/09\/20240727_101634-768x1365.jpg 768w, https:\/\/www.petrabraun.life\/wp-content\/uploads\/2024\/09\/20240727_101634-864x1536.jpg 864w, https:\/\/www.petrabraun.life\/wp-content\/uploads\/2024\/09\/20240727_101634-1152x2048.jpg 1152w, https:\/\/www.petrabraun.life\/wp-content\/uploads\/2024\/09\/20240727_101634-scaled.jpg 1440w\" sizes=\"(max-width: 169px) 100vw, 169px\" \/><br \/><\/strong>Sus<span style=\"font-size: 1rem;\">anne, <em>N\u00e4he M<\/em><\/span><em><span style=\"font-size: 1rem;\">annheim<br \/><\/span><span style=\"color: var( --e-global-color-text ); font-family: var( --e-global-typography-text-font-family ), Sans-serif; font-weight: var( --e-global-typography-text-font-weight ); text-align: var(--text-align); font-size: 1rem;\">Assistance Category Management<\/span><\/em><\/p>\t\t\t\t\t\t<\/div>\n\t\t\t\t<\/div>\n\t\t\t\t<div class=\"elementor-element elementor-element-ae77079 elementor-widget elementor-widget-text-editor\" data-id=\"ae77079\" data-element_type=\"widget\" data-widget_type=\"text-editor.default\">\n\t\t\t\t<div class=\"elementor-widget-container\">\n\t\t\t\t\t\t\t<p>____________________________<\/p><p>\u00a0<\/p><p>Ich habe Petra dieses Jahr w\u00e4hrend eines Meditationsseminar\u2019s auf Korfu kennengelernt. Ihre warmherzige, ethisch saubere, sehr offene, herzliche und lebenslustige Art hat mich an Ihr von Anfang an sehr stark fasziniert. Um so mehr, als ich erfuhr, dass Sie Ihrer Intension gefolgt ist Menschen zu helfen dauerhaft mehr inneres Gl\u00fcck und seelische Eigenst\u00e4ndigkeit zu erlangen. Dies macht Sie f\u00fcr mich zu einem sehr wertvollen Menschen. Irgendwie schafft sie es, dass Menschen die Dinge\/ Blockaden loswerden, die sie gehindert haben, das emotional freie Leben leben zu k\u00f6nnen, was sie sich schon immer gew\u00fcnscht haben. Das ist eine tolle Aufgabe der Sie sich verschrieben hat und es werden viele Menschen extrem davon profitieren.<\/p><p><img decoding=\"async\" class=\"alignnone size-medium wp-image-119\" src=\"https:\/\/www.petrabraun.life\/wp-content\/uploads\/2024\/09\/Steffen_K-e1726267390499-225x300.jpg\" alt=\"\" width=\"225\" height=\"300\" srcset=\"https:\/\/www.petrabraun.life\/wp-content\/uploads\/2024\/09\/Steffen_K-e1726267390499-225x300.jpg 225w, https:\/\/www.petrabraun.life\/wp-content\/uploads\/2024\/09\/Steffen_K-e1726267390499-768x1024.jpg 768w, https:\/\/www.petrabraun.life\/wp-content\/uploads\/2024\/09\/Steffen_K-e1726267390499-1152x1536.jpg 1152w, https:\/\/www.petrabraun.life\/wp-content\/uploads\/2024\/09\/Steffen_K-e1726267390499.jpg 1186w\" sizes=\"(max-width: 225px) 100vw, 225px\" \/><\/p><p>Steffen Kn\u00f6tschke aus G\u00f6rlitz<\/p>\t\t\t\t\t\t<\/div>\n\t\t\t\t<\/div>\n\t\t\t\t<div class=\"elementor-element elementor-element-1bc4067 elementor-widget elementor-widget-text-editor\" data-id=\"1bc4067\" data-element_type=\"widget\" data-widget_type=\"text-editor.default\">\n\t\t\t\t<div class=\"elementor-widget-container\">\n\t\t\t\t\t\t\t<p>____________________________<\/p><p>\u00a0<\/p><p>\u201eWas mir an Frau Braun gef\u00e4llt, ist ihre positive Ausstrahlung, ihre hohe Flexibilit\u00e4t, ihr Umsetzungsverm\u00f6gen gepaart mit Kreativit\u00e4t und die Art der Kommunikation.\u201c<\/p><p style=\"text-align: left;\"><strong style=\"font-size: 1rem;\"><img decoding=\"async\" class=\"alignnone size-medium wp-image-120\" src=\"https:\/\/www.petrabraun.life\/wp-content\/uploads\/2024\/09\/frank-geske.image_.png-212x300.jpeg\" alt=\"\" width=\"212\" height=\"300\" srcset=\"https:\/\/www.petrabraun.life\/wp-content\/uploads\/2024\/09\/frank-geske.image_.png-212x300.jpeg 212w, https:\/\/www.petrabraun.life\/wp-content\/uploads\/2024\/09\/frank-geske.image_.png-722x1024.jpeg 722w, https:\/\/www.petrabraun.life\/wp-content\/uploads\/2024\/09\/frank-geske.image_.png-768x1089.jpeg 768w, https:\/\/www.petrabraun.life\/wp-content\/uploads\/2024\/09\/frank-geske.image_.png.jpeg 903w\" sizes=\"(max-width: 212px) 100vw, 212px\" \/><br \/><\/strong><\/p><p>Frank G. <em>aus U.<\/em><br \/><em>Finanzberater<\/em><\/p>\t\t\t\t\t\t<\/div>\n\t\t\t\t<\/div>\n\t\t\t\t<\/div>\n\t\t\t\t<\/div>\n\t\t\t\t<\/div>\n\t\t","protected":false},"excerpt":{"rendered":"<p>\u201eES IST NIE ZU SP\u00c4T ANZUFANGEN,ABER IMMER ZU FR\u00dcH AUFZUH\u00d6REN!\u201c Du bist auf der Suche nach\u2026 Ja nach was eigentlich? Du wei\u00dft es nicht wirklich, sp\u00fcrst aber, dass dir das Leben noch mehr zu bieten hat. Das da noch etwas ist, aber Du kommst noch nicht so richtig ran. \u00a0Als Mentorin stehe ich Dir zur Seite, um mehr Leichtigkeit und Freude in Dein Leben zu ziehen. M\u00f6chtest Du endlich die innere Handbremse finden und l\u00f6sen? Selbstbewusstsein gewinnen und Dein Selbstwert steigern? \u00a0Ich helfe Dir dabei Blockaden aufzul\u00f6sen, Glaubenss\u00e4tze zu transformieren, traumatische Erfahrungen und belastende Erinnerungen zu verarbeiten, energetische Konten platzen zu lassen, \u00c4ngste abzubauen, zwischenmenschliche Konflikte zu l\u00f6sen und endlich inneren Frieden zu finden. \u00a0Auch Dich mental zu st\u00e4rken, Lampenfieber zu reduzieren, Deine Vortr\u00e4ge und Events besonders zu machen geh\u00f6rt zu meinen F\u00e4higkeiten. \u00a0 Testimonials &#8222;Ich bin sehr dankbar Petra kennengelernt zu haben. Durch Ihre ruhige und liebevolle Art habe ich mich direkt wohl und sicher gef\u00fchlt. In unseren Gespr\u00e4chen konnte Petra mir tolle Impulse geben, durch Welche ich mich nun mehr im Einklang f\u00fchle. Danke f\u00fcr Alles &#8211; Susanne&#8220; Susanne, N\u00e4he MannheimAssistance Category Management ____________________________ Ich habe Petra dieses Jahr w\u00e4hrend eines Meditationsseminar\u2019s auf Korfu kennengelernt. Ihre warmherzige, ethisch saubere, sehr offene, herzliche und lebenslustige Art hat mich an Ihr von Anfang an sehr stark fasziniert. Um so mehr, als ich erfuhr, dass Sie Ihrer Intension gefolgt ist Menschen zu helfen dauerhaft mehr inneres Gl\u00fcck und seelische Eigenst\u00e4ndigkeit zu erlangen. Dies macht Sie f\u00fcr mich zu einem sehr wertvollen Menschen. Irgendwie schafft sie es, dass Menschen die Dinge\/ Blockaden loswerden, die sie gehindert haben, das emotional freie Leben leben zu k\u00f6nnen, was sie sich schon immer gew\u00fcnscht haben. Das ist eine tolle Aufgabe der Sie sich verschrieben hat und es werden viele Menschen extrem davon profitieren. Steffen Kn\u00f6tschke aus G\u00f6rlitz ____________________________ \u201eWas mir an Frau Braun gef\u00e4llt, ist ihre positive Ausstrahlung, ihre hohe Flexibilit\u00e4t, ihr Umsetzungsverm\u00f6gen gepaart mit Kreativit\u00e4t und die Art der Kommunikation.\u201c Frank G. aus U.Finanzberater<\/p>\n","protected":false},"author":1,"featured_media":0,"parent":0,"menu_order":1,"comment_status":"closed","ping_status":"closed","template":"","meta":{"iawp_total_views":1044,"footnotes":""},"class_list":["post-41","page","type-page","status-publish","hentry"],"_links":{"self":[{"href":"https:\/\/www.petrabraun.life\/index.php\/wp-json\/wp\/v2\/pages\/41","targetHints":{"allow":["GET"]}}],"collection":[{"href":"https:\/\/www.petrabraun.life\/index.php\/wp-json\/wp\/v2\/pages"}],"about":[{"href":"https:\/\/www.petrabraun.life\/index.php\/wp-json\/wp\/v2\/types\/page"}],"author":[{"embeddable":true,"href":"https:\/\/www.petrabraun.life\/index.php\/wp-json\/wp\/v2\/users\/1"}],"replies":[{"embeddable":true,"href":"https:\/\/www.petrabraun.life\/index.php\/wp-json\/wp\/v2\/comments?post=41"}],"version-history":[{"count":58,"href":"https:\/\/www.petrabraun.life\/index.php\/wp-json\/wp\/v2\/pages\/41\/revisions"}],"predecessor-version":[{"id":165,"href":"https:\/\/www.petrabraun.life\/index.php\/wp-json\/wp\/v2\/pages\/41\/revisions\/165"}],"wp:attachment":[{"href":"https:\/\/www.petrabraun.life\/index.php\/wp-json\/wp\/v2\/media?parent=41"}],"curies":[{"name":"wp","href":"https:\/\/api.w.org\/{rel}","templated":true}]}}