{"id":177,"date":"2024-09-14T14:41:31","date_gmt":"2024-09-14T12:41:31","guid":{"rendered":"https:\/\/www.petrabraun.life\/?page_id=177"},"modified":"2024-09-14T14:41:31","modified_gmt":"2024-09-14T12:41:31","slug":"hochsensibilitaet","status":"publish","type":"page","link":"https:\/\/www.petrabraun.life\/index.php\/hochsensibilitaet\/","title":{"rendered":"Hochsensibilit\u00e4t"},"content":{"rendered":"\n<p>Hast Du oft das Gef\u00fchl anders als die anderen zu sein? Anders zu empfinden, wahrzunehmen und zu reagieren als die meisten Menschen um Dich herum?<\/p>\n\n\n\n<p>Hast Du das Gef\u00fchl, als geh\u00f6rst Du nicht dazu? Als w\u00e4rst Du ein Fremdk\u00f6rper, ein falsches Puzzleteilchen? Als w\u00e4re irgendwas bei Dir nicht in Ordnung?<\/p>\n\n\n\n<p>F\u00fchlst Du die Emotionen und Launen anderer als w\u00e4ren es Deine? Bist Du schnell m\u00fcde, wenn Du unter vielen Menschen bist? Willst Du Dich oft zur\u00fcckziehen und einfach nichts neues von au\u00dfen mitbekommen? Brauchst Du Harmonie um Dich herum und opferst Dich gerne f\u00fcr andere auf? Vergisst Du Dich selbst und Deine Grenzen oft und erlaubst Dir selbst erst dann eine Auszeit, wenn Du schon richtig ausgelaugt bist? Machen Dich Ger\u00e4usche wie tickende Uhren, Tastent\u00f6ne am Handy oder piepende Ger\u00e4te wahnsinnig?<\/p>\n\n\n\n<p><strong>Wenn Du mehrere dieser Fragen mit Ja beantwortet hast, dann k\u00f6nntest Du ein hochsensibler Mensch sein.<\/strong><\/p>\n\n\n\n<p>Und jeder der damit nichts anfangen kann denkt jetzt: \u201eHochsenibler Mensch?<\/p>\n\n\n\n<p>Heulen die die ganze Zeit?\u201c &#8211; Nein, das tun sie nicht! &#8211; Wobei es da unterschiedliche Auspr\u00e4gungen gibt und einige schon sehr nah am Wasser gebaut sind.<\/p>\n\n\n\n<p>Tats\u00e4chlich sind ca. 20% der Menschen hochsensibel. Z\u00e4hl mal durch. Welche 4 Menschen hast Du zuletzt getroffen? Statistisch geh\u00f6rt einer von Euch zu den Hochsensiblen. Vielleicht sogar Du selbst.<\/p>\n","protected":false},"excerpt":{"rendered":"<p>Hast Du oft das Gef\u00fchl anders als die anderen zu sein? Anders zu empfinden, wahrzunehmen und zu reagieren als die meisten Menschen um Dich herum? Hast Du das Gef\u00fchl, als geh\u00f6rst Du nicht dazu? Als w\u00e4rst Du ein Fremdk\u00f6rper, ein falsches Puzzleteilchen? Als w\u00e4re irgendwas bei Dir nicht in Ordnung? F\u00fchlst Du die Emotionen und Launen anderer als w\u00e4ren es Deine? Bist Du schnell m\u00fcde, wenn Du unter vielen Menschen bist? Willst Du Dich oft zur\u00fcckziehen und einfach nichts neues von au\u00dfen mitbekommen? Brauchst Du Harmonie um Dich herum und opferst Dich gerne f\u00fcr andere auf? Vergisst Du Dich selbst und Deine Grenzen oft und erlaubst Dir selbst erst dann eine Auszeit, wenn Du schon richtig ausgelaugt bist? Machen Dich Ger\u00e4usche wie tickende Uhren, Tastent\u00f6ne am Handy oder piepende Ger\u00e4te wahnsinnig? Wenn Du mehrere dieser Fragen mit Ja beantwortet hast, dann k\u00f6nntest Du ein hochsensibler Mensch sein. Und jeder der damit nichts anfangen kann denkt jetzt: \u201eHochsenibler Mensch? Heulen die die ganze Zeit?\u201c &#8211; Nein, das tun sie nicht! &#8211; Wobei es da unterschiedliche Auspr\u00e4gungen gibt und einige schon sehr nah am Wasser gebaut sind. Tats\u00e4chlich sind ca. 20% der Menschen hochsensibel. Z\u00e4hl mal durch. Welche 4 Menschen hast Du zuletzt getroffen? Statistisch geh\u00f6rt einer von Euch zu den Hochsensiblen. Vielleicht sogar Du selbst.<\/p>\n","protected":false},"author":1,"featured_media":0,"parent":0,"menu_order":0,"comment_status":"closed","ping_status":"closed","template":"","meta":{"iawp_total_views":54,"footnotes":""},"class_list":["post-177","page","type-page","status-publish","hentry"],"_links":{"self":[{"href":"https:\/\/www.petrabraun.life\/index.php\/wp-json\/wp\/v2\/pages\/177","targetHints":{"allow":["GET"]}}],"collection":[{"href":"https:\/\/www.petrabraun.life\/index.php\/wp-json\/wp\/v2\/pages"}],"about":[{"href":"https:\/\/www.petrabraun.life\/index.php\/wp-json\/wp\/v2\/types\/page"}],"author":[{"embeddable":true,"href":"https:\/\/www.petrabraun.life\/index.php\/wp-json\/wp\/v2\/users\/1"}],"replies":[{"embeddable":true,"href":"https:\/\/www.petrabraun.life\/index.php\/wp-json\/wp\/v2\/comments?post=177"}],"version-history":[{"count":1,"href":"https:\/\/www.petrabraun.life\/index.php\/wp-json\/wp\/v2\/pages\/177\/revisions"}],"predecessor-version":[{"id":178,"href":"https:\/\/www.petrabraun.life\/index.php\/wp-json\/wp\/v2\/pages\/177\/revisions\/178"}],"wp:attachment":[{"href":"https:\/\/www.petrabraun.life\/index.php\/wp-json\/wp\/v2\/media?parent=177"}],"curies":[{"name":"wp","href":"https:\/\/api.w.org\/{rel}","templated":true}]}}